{"id":2,"date":"2023-01-25T12:32:10","date_gmt":"2023-01-25T12:32:10","guid":{"rendered":"https:\/\/info.grupoyllera.com\/?page_id=2"},"modified":"2024-03-12T11:27:32","modified_gmt":"2024-03-12T11:27:32","slug":"inicio","status":"publish","type":"page","link":"https:\/\/info.grupoyllera.com\/","title":{"rendered":"Inicio"},"content":{"rendered":"\n<div class=\"wp-block-uagb-container uagb-block-6e498fa2 alignfull uagb-is-root-container\"><div class=\"uagb-container-inner-blocks-wrap\">\n<div class=\"wp-block-uagb-image aligncenter uagb-block-830d7631 wp-block-uagb-image--layout-default wp-block-uagb-image--effect-static wp-block-uagb-image--align-center\"><figure class=\"wp-block-uagb-image__figure\"><img loading=\"lazy\" decoding=\"async\" srcset=\"https:\/\/info.grupoyllera.com\/wp-content\/uploads\/2024\/03\/LOGO-YLLERA_1.1-300x300.png ,https:\/\/info.grupoyllera.com\/wp-content\/uploads\/2024\/03\/LOGO-YLLERA_1.1.png 780w, https:\/\/info.grupoyllera.com\/wp-content\/uploads\/2024\/03\/LOGO-YLLERA_1.1.png 360w\" sizes=\"auto, (max-width: 480px) 150px\" src=\"https:\/\/info.grupoyllera.com\/wp-content\/uploads\/2024\/03\/LOGO-YLLERA_1.1-300x300.png\" alt=\"\" class=\"uag-image-163\" width=\"231\" height=\"227\" title=\"LOGO YLLERA_1.1\" loading=\"lazy\"\/><\/figure><\/div>\n<\/div><\/div>\n\n\n\n<div class=\"wp-block-uagb-container uagb-block-63f368cf alignfull uagb-is-root-container\"><div class=\"uagb-container-inner-blocks-wrap\">\n<div class=\"wp-block-uagb-container uagb-block-918f9a2b\"><\/div>\n\n\n\n<div class=\"wp-block-uagb-container uagb-block-b14105f8 alignfull uagb-is-root-container\"><div class=\"uagb-container-inner-blocks-wrap\">\n<h2 class=\"wp-block-heading has-text-align-center has-text-color\" style=\"color:#000000;font-size:32px\">Localizaci\u00f3n<\/h2>\n\n\n\n<p class=\"has-text-align-left\">Yllera Bodegas &amp; Vi\u00f1edos se encuentra en el pueblo de Rueda (Valladolid) en plena autov\u00eda A6, a menos de media hora de Valladolid y a menos de una hora y media de Madrid, sin olvidar la cercan\u00eda a otras capitales de Castilla y Le\u00f3n como Salamanca, Zamora o Segovia, lo que nos convierte en un destino perfecto para aquellos que quieran disfrutar del enoturismo y la gastronom\u00eda sin hacer grandes desplazamientos.<\/p>\n\n\n\n<p class=\"has-text-align-left\">Nuestro enclave es adem\u00e1s un punto de paso para todos aquellos que quieran hacer una parada diferente en su viaje hacia o desde el noroeste de Espa\u00f1a sin desviarse de su ruta y para aquellos enoturistas que hayan visitado otras rutas de vino y quieran completar su experiencia.<\/p>\n<\/div><\/div>\n<\/div><\/div>\n\n\n\n<div class=\"wp-block-uagb-container uagb-block-7361d585 alignfull uagb-is-root-container\"><div class=\"uagb-container-inner-blocks-wrap\">\n<div class=\"wp-block-uagb-container uagb-block-83ff440b alignfull uagb-is-root-container\"><div class=\"uagb-container-inner-blocks-wrap\">\n<h2 class=\"wp-block-heading has-text-align-center has-text-color\" style=\"color:#000000;font-size:32px\">Historia<\/h2>\n\n\n\n<p>Nos encontramos a 20 metros bajo tierra en una bodega del siglo XV de origen mud\u00e9jar situada en el coraz\u00f3n del&nbsp;pueblo&nbsp;de Rueda.<\/p>\n\n\n\n<p>La rehabilitaci\u00f3n y uni\u00f3n de las antiguas bodegas del municipio realizada por la familia Yllera a lo largo de los a\u00f1os dan lugar a m\u00e1s de 1km de laber\u00ednticas cavidades excavadas a mano, las cuales rezuman historia, esfuerzo y dedicaci\u00f3n por los poros de sus paredes de roca caliza.<\/p>\n\n\n\n<p>Historia que comienza con los Reyes Cat\u00f3licos al ser esta zona un punto&nbsp;neur\u00e1lgico&nbsp;del comercio en general y del vino en particular con sus famosos vinos dorados, vinos de reyes elaborados y almacenados en sus castillos.<\/p>\n<\/div><\/div>\n\n\n\n<div class=\"wp-block-uagb-container uagb-block-3698a245\"><\/div>\n<\/div><\/div>\n\n\n\n<div class=\"wp-block-uagb-container uagb-block-b1e51b93 alignfull uagb-is-root-container\"><div class=\"uagb-container-inner-blocks-wrap\">\n<div class=\"wp-block-uagb-container uagb-block-bc79797f\"><\/div>\n\n\n\n<div class=\"wp-block-uagb-container uagb-block-13e46bbd alignfull uagb-is-root-container\"><div class=\"uagb-container-inner-blocks-wrap\">\n<h2 class=\"wp-block-heading has-text-align-center has-text-color\" style=\"color:#000000;font-size:32px\">Gastronom\u00eda<\/h2>\n\n\n\n<p>Nuestra propuesta gastron\u00f3mica, de la&nbsp;mano del chef con 12 estrellas Michel\u00edn Mart\u00edn Berasategui, se basa en el trabajo y la humildad, dos principios innegociables para \u00e9l.<\/p>\n\n\n\n<p>Somos la primera Gastrobodega de Espa\u00f1a y en nuestra carta intentamos reflejar la identidad de esta tierra, una tierra de sabor, cultura e historia, pero con nuestro toque personal, centr\u00e1ndonos en el producto y sus estaciones, siendo fieles a la sostenibilidad, la cercan\u00eda y a las familias que con su esfuerzo hacen posible este proyecto.<\/p>\n<\/div><\/div>\n<\/div><\/div>\n\n\n\n<div class=\"wp-block-uagb-container uagb-block-c27138d0 alignfull uagb-is-root-container\"><div class=\"uagb-container-inner-blocks-wrap\">\n<div class=\"wp-block-uagb-container uagb-block-4ab72d6c alignfull uagb-is-root-container\"><div class=\"uagb-container-inner-blocks-wrap\">\n<h2 class=\"wp-block-heading has-text-align-center has-text-color\" style=\"color:#000000;font-size:32px\">Enoturismo<\/h2>\n\n\n\n<p class=\"has-text-align-left\">La familia Yllera, dedicada al mundo del vino desde hace 5 generaciones quiere compartir con aquellos que se acerquen a su bodega toda su historia y conocimientos desde el trabajo en el campo hasta la copa, ofreciendo un abanico de posibilidades que hagan disfrutar al visitante de una experiencia inolvidable paseando entre vi\u00f1edos, recorriendo sus laber\u00ednticas bodegas subterr\u00e1neas y saboreando sus elegantes vinos, en grupo o de forma privada seg\u00fan sus deseos y necesidades, todo enmarcado dentro de la Ruta del vino de Rueda que les ofrece adem\u00e1s otras atractivas actividades complementarias para su viaje.<\/p>\n<\/div><\/div>\n\n\n\n<div class=\"wp-block-uagb-container uagb-block-d9a6313e\"><\/div>\n<\/div><\/div>\n\n\n\n<div class=\"wp-block-uagb-separator uagb-block-656c8db1 wp-block-uagb-separator--text\"><div class=\"wp-block-uagb-separator__inner\" style=\"--my-background-image:\"><div class=\"wp-block-uagb-separator-element\"><h4 class=\"uagb-html-tag\">Contacto<\/h4><\/div><\/div><\/div>\n","protected":false},"excerpt":{"rendered":"<p>Localizaci\u00f3n Yllera Bodegas &amp; Vi\u00f1edos se encuentra en el pueblo de Rueda (Valladolid) en plena autov\u00eda A6, a menos de [&hellip;]<\/p>\n","protected":false},"author":1,"featured_media":0,"parent":0,"menu_order":0,"comment_status":"closed","ping_status":"closed","template":"","meta":{"_uag_custom_page_level_css":"","site-sidebar-layout":"default","site-content-layout":"","ast-site-content-layout":"","site-content-style":"default","site-sidebar-style":"default","ast-global-header-display":"","ast-banner-title-visibility":"","ast-main-header-display":"","ast-hfb-above-header-display":"","ast-hfb-below-header-display":"","ast-hfb-mobile-header-display":"","site-post-title":"disabled","ast-breadcrumbs-content":"","ast-featured-img":"","footer-sml-layout":"","theme-transparent-header-meta":"","adv-header-id-meta":"","stick-header-meta":"","header-above-stick-meta":"","header-main-stick-meta":"","header-below-stick-meta":"","astra-migrate-meta-layouts":"default","ast-page-background-enabled":"default","ast-page-background-meta":{"desktop":{"background-color":"var(--ast-global-color-4)","background-image":"","background-repeat":"repeat","background-position":"center center","background-size":"auto","background-attachment":"scroll","background-type":"","background-media":"","overlay-type":"","overlay-color":"","overlay-opacity":"","overlay-gradient":""},"tablet":{"background-color":"","background-image":"","background-repeat":"repeat","background-position":"center center","background-size":"auto","background-attachment":"scroll","background-type":"","background-media":"","overlay-type":"","overlay-color":"","overlay-opacity":"","overlay-gradient":""},"mobile":{"background-color":"","background-image":"","background-repeat":"repeat","background-position":"center center","background-size":"auto","background-attachment":"scroll","background-type":"","background-media":"","overlay-type":"","overlay-color":"","overlay-opacity":"","overlay-gradient":""}},"ast-content-background-meta":{"desktop":{"background-color":"var(--ast-global-color-5)","background-image":"","background-repeat":"repeat","background-position":"center center","background-size":"auto","background-attachment":"scroll","background-type":"","background-media":"","overlay-type":"","overlay-color":"","overlay-opacity":"","overlay-gradient":""},"tablet":{"background-color":"var(--ast-global-color-5)","background-image":"","background-repeat":"repeat","background-position":"center center","background-size":"auto","background-attachment":"scroll","background-type":"","background-media":"","overlay-type":"","overlay-color":"","overlay-opacity":"","overlay-gradient":""},"mobile":{"background-color":"var(--ast-global-color-5)","background-image":"","background-repeat":"repeat","background-position":"center center","background-size":"auto","background-attachment":"scroll","background-type":"","background-media":"","overlay-type":"","overlay-color":"","overlay-opacity":"","overlay-gradient":""}},"footnotes":""},"class_list":["post-2","page","type-page","status-publish","hentry"],"uagb_featured_image_src":{"full":false,"thumbnail":false,"medium":false,"medium_large":false,"large":false,"1536x1536":false,"2048x2048":false},"uagb_author_info":{"display_name":"admin","author_link":"https:\/\/info.grupoyllera.com\/index.php\/author\/admin\/"},"uagb_comment_info":0,"uagb_excerpt":"Localizaci\u00f3n Yllera Bodegas &amp; Vi\u00f1edos se encuentra en el pueblo de Rueda (Valladolid) en plena autov\u00eda A6, a menos de [&hellip;]","_links":{"self":[{"href":"https:\/\/info.grupoyllera.com\/index.php\/wp-json\/wp\/v2\/pages\/2","targetHints":{"allow":["GET"]}}],"collection":[{"href":"https:\/\/info.grupoyllera.com\/index.php\/wp-json\/wp\/v2\/pages"}],"about":[{"href":"https:\/\/info.grupoyllera.com\/index.php\/wp-json\/wp\/v2\/types\/page"}],"author":[{"embeddable":true,"href":"https:\/\/info.grupoyllera.com\/index.php\/wp-json\/wp\/v2\/users\/1"}],"replies":[{"embeddable":true,"href":"https:\/\/info.grupoyllera.com\/index.php\/wp-json\/wp\/v2\/comments?post=2"}],"version-history":[{"count":74,"href":"https:\/\/info.grupoyllera.com\/index.php\/wp-json\/wp\/v2\/pages\/2\/revisions"}],"predecessor-version":[{"id":181,"href":"https:\/\/info.grupoyllera.com\/index.php\/wp-json\/wp\/v2\/pages\/2\/revisions\/181"}],"wp:attachment":[{"href":"https:\/\/info.grupoyllera.com\/index.php\/wp-json\/wp\/v2\/media?parent=2"}],"curies":[{"name":"wp","href":"https:\/\/api.w.org\/{rel}","templated":true}]}}